{"id":27,"date":"2023-05-02T09:29:38","date_gmt":"2023-05-02T09:29:38","guid":{"rendered":"https:\/\/fw-verein.ch\/?page_id=27"},"modified":"2023-05-02T17:06:08","modified_gmt":"2023-05-02T17:06:08","slug":"statuten","status":"publish","type":"page","link":"https:\/\/fw-verein.ch\/?page_id=27","title":{"rendered":"Statuten"},"content":{"rendered":"\n<figure class=\"wp-block-pullquote has-palette-color-6-background-color has-background has-small-font-size\" style=\"border-width:2px;border-radius:18px;font-style:normal;font-weight:200\"><blockquote><p><strong>Vereinsstatuten<\/strong><br>\u00a0<br>Feuerwehrverein Birmenstorf-M\u00fclligen<br>mit Sitz in Birmenstorf<br>\u00a0<br>\u00a0<br>1.\u00a0\u00a0\u00a0 Name und Sitz<br>Unter dem Namen \u201eFeuerwehrverein Birmenstorf-M\u00fclligen\u201c besteht ein Verein im Sinne von Art. 60 ff. ZGB mit Sitz in 5413 Birmenstorf<br>\u00a0<br>\u00a0<br>2.\u00a0\u00a0\u00a0 Zweck<br>Der Verein bezweckt die F\u00f6rderung des Feuerwehrwesens und die Pflege der Kameradschaft.<br>\u00a0<br>\u00a0<br>3.\u00a0\u00a0\u00a0 Mittel<br>Zur Verfolgung des Vereinszweckes verf\u00fcgt der Verein \u00fcber die Beitr\u00e4ge der Mit-glieder, welche j\u00e4hrlich von der Mitgliederversammlung festgelegt werden und von Zuwendungen von G\u00f6nnern.<br>\u00a0<br>\u00a0<br>4.\u00a0\u00a0\u00a0 Mitgliedschaft<br>Aktivmitglied mit Stimmberechtigung kann jede nat\u00fcrliche Person werden, die aktiv in der Feuerwehr Birmenstorf-M\u00fclligen Dienst leistet oder dies in der Vergangenheit getan hat.<br>Aufnahmegesuche sind an den Pr\u00e4sidenten\/die Pr\u00e4sidentin zur richten; \u00fcber die Aufnahme entscheidet der Vorstand.<br>\u00a0<br>5.\u00a0\u00a0\u00a0 Erl\u00f6schen der Mitgliedschaft<br>Die Mitgliedschaft erlischt<br>&#8211;\u00a0\u00a0\u00a0\u00a0\u00a0\u00a0\u00a0 durch Austritt, Ausschluss oder Tod<br>\u00a0<br>\u00a0<br>6.\u00a0\u00a0\u00a0 Austritt und Ausschluss<br>Ein Vereinsaustritt ist jederzeit m\u00f6glich. Das Austrittsschreiben ist an den Pr\u00e4sidenten zu richten. Die R\u00fcckerstattung des Jahresbeitrages ist jedoch f\u00fcr das angefangene Jahr ausgeschlossen.<br>Ein Mitglied kann jederzeit ohne Grundangabe aus dem Verein ausgeschlossen werden. Der Vorstand f\u00e4llt den Ausschlussentscheid; das Mitglied kann den Ausschlussentscheid an die Generalversammlung weiterziehen.<br>\u00a0<br>\u00a0<br>7.\u00a0\u00a0\u00a0 Organe des Vereins<br>Die Organe des Vereins sind:<br>a)\u00a0\u00a0 die Generalversammlung<br>b)\u00a0\u00a0 der Vorstand<br>c)\u00a0\u00a0\u00a0 die Rechnungsrevisoren<br>\u00a0<br>\u00a0<br>8.\u00a0\u00a0\u00a0 Die Generalversammlung<br>Das oberste Organ des Vereins ist die Generalversammlung. Eine ordentliche Generalversammlung findet j\u00e4hrlich in der zweiten Jahresh\u00e4lfte statt.<br>Zur Generalversammlung werden die Mitglieder 4 Wochen zum Voraus schriftlich eingeladen, unter Beilage der Traktandenliste.<br>\u00a0<br>Die Generalversammlung hat die folgenden unentziehbaren Aufgaben:<br>\u00a0<br>a)\u00a0\u00a0 Wahl bzw. Abwahl des Vorstandes sowie der Rechnungsrevisoren<br>b)\u00a0\u00a0 Festsetzung und \u00c4nderung der Statuten<br>c)\u00a0\u00a0\u00a0 Abnahme der Jahresrechnung und des Revisorenberichtes<br>d)\u00a0\u00a0 Beschluss \u00fcber das Jahresbudget<br>e)\u00a0\u00a0 Festsetzung des Mitgliederbeitrages<br>f)\u00a0\u00a0\u00a0\u00a0 Behandlung der Ausschlussrekurse<br>\u00a0<br>An der Generalversammlung besitzt jedes Mitglied eine Stimme; die Beschlussfassung erfolgt mit einfachem Mehr.<br>\u00a0<br>\u00a0<br>9.\u00a0\u00a0\u00a0 Der Vorstand<br>Der Vorstand besteht aus mindestens drei Personen, n\u00e4mlich<br>\u00a0<br>Pr\u00e4sident<br>Aktuar<br>Kassier<br>\u00a0<br>Der Vorstand vertritt den Verein nach aussen und f\u00fchrt die laufenden Gesch\u00e4fte. \u00dcber die Aufnahme weiterer Vorstandsmitglieder und deren Aufgaben entscheidet die Generalversammlung. Der Vorstand ist vom Mitgliederbeitrag befreit.<br>\u00a0<br>\u00a0<br>\u00a0<br>\u00a0<br>10. \u00a0Die Revisoren<br>Die Generalversammlung w\u00e4hlt j\u00e4hrlich zwei Rechnungsrevisoren, welche die Buchf\u00fchrung kontrollieren und mindestens einmal j\u00e4hrlich eine Stichkontrolle durchf\u00fchren.<br>\u00a0<br>11. \u00a0Unterschrift<br>Der Verein wird verpflichtet durch die Kollektivunterschrift des Pr\u00e4sidenten zusammen mit einem weiteren Mitglied des Vorstandes.<br>\u00a0<br>\u00a0<br>12. \u00a0Haftung<br>F\u00fcr die Schulden des Vereins haftet nur das Vereinsverm\u00f6gen. Eine pers\u00f6nliche Haftung der Mitglieder ist ausgeschlossen.<br>\u00a0<br>\u00a0<br>13. \u00a0Statuten\u00e4nderung<br>Die vorliegenden Statuten k\u00f6nnen abge\u00e4ndert werden, wenn zwei Drittel der anwesenden Mitglieder dem \u00c4nderungsvorschlag zustimmen.<br>\u00a0<br>\u00a0<br>14. \u00a0Aufl\u00f6sung des Vereins<br>Die Aufl\u00f6sung des Vereins kann mit einer Mehrheit von zwei Dritteln aller Mitglieder mit Stimmberechtigung beschlossen werden.<br>Nehmen ungen\u00fcgend viele Mitglieder an der Aufl\u00f6sungsversammlung teil, ist innerhalb zweier Monats eine zweite Versammlung abzuhalten. An dieser Versammlung kann der Verein auch dann mit zwei Drittel Mehrheit der anwesenden aufgel\u00f6st werden.<br>Bei einer Aufl\u00f6sung des Vereins f\u00e4llt das Vereinsverm\u00f6gen an eine Institution, welche einen gemeinn\u00fctzigen Zweck verfolgt. Die Mitglieder haben keinen Anspruch auf das Vereinsverm\u00f6gen.<br>\u00a0<br>15. \u00a0Inkrafttreten<br>Diese Statuten sind an der Gr\u00fcndungsversammlung vom 29.11.2011 angenommen worden und sind mit diesem Datum in Kraft getreten.<br>\u00a0<br>&#8212;&#8212;&#8212;&#8212;&#8212;&#8212;&#8212;&#8212;&#8212;&#8212;&#8212;&#8212;-<br>\u00a0<br>Der Vorsitzende:\u00a0\u00a0\u00a0\u00a0\u00a0\u00a0\u00a0\u00a0\u00a0\u00a0\u00a0\u00a0\u00a0\u00a0\u00a0\u00a0\u00a0\u00a0\u00a0\u00a0\u00a0\u00a0\u00a0\u00a0\u00a0\u00a0\u00a0\u00a0\u00a0\u00a0\u00a0\u00a0\u00a0\u00a0\u00a0\u00a0\u00a0\u00a0\u00a0\u00a0\u00a0\u00a0\u00a0\u00a0\u00a0 Der Protokollf\u00fchrer:<br>\u00a0<br>\u00a0<br>&#8230;&#8230;&#8230;&#8230;&#8230;&#8230;&#8230;&#8230;&#8230;&#8230;&#8230;&#8230;&#8230;\u00a0\u00a0\u00a0\u00a0\u00a0\u00a0\u00a0\u00a0\u00a0\u00a0\u00a0\u00a0\u00a0\u00a0\u00a0\u00a0\u00a0\u00a0\u00a0\u00a0\u00a0\u00a0\u00a0\u00a0\u00a0\u00a0\u00a0\u00a0\u00a0\u00a0\u00a0\u00a0\u00a0\u00a0\u00a0\u00a0\u00a0\u00a0\u00a0\u00a0\u00a0\u00a0\u00a0\u00a0\u00a0\u00a0\u00a0\u00a0\u00a0\u00a0\u00a0\u00a0\u00a0\u00a0\u00a0\u00a0\u00a0\u00a0\u00a0\u00a0\u00a0 &#8230;&#8230;&#8230;&#8230;&#8230;&#8230;&#8230;&#8230;&#8230;&#8230;&#8230;&#8230;&#8230;&#8230;&#8230;&#8230;.<br>Dave Zehnder \u00a0\u00a0\u00a0\u00a0\u00a0\u00a0\u00a0\u00a0\u00a0\u00a0\u00a0\u00a0\u00a0\u00a0\u00a0\u00a0\u00a0\u00a0\u00a0\u00a0\u00a0\u00a0\u00a0\u00a0\u00a0\u00a0\u00a0\u00a0\u00a0\u00a0\u00a0\u00a0\u00a0\u00a0\u00a0\u00a0\u00a0\u00a0\u00a0\u00a0\u00a0\u00a0\u00a0\u00a0\u00a0\u00a0\u00a0\u00a0\u00a0 Claude Venturini<\/p><\/blockquote><\/figure>\n","protected":false},"excerpt":{"rendered":"<p>Vereinsstatuten\u00a0Feuerwehrverein Birmenstorf-M\u00fclligenmit Sitz in Birmenstorf\u00a0\u00a01.\u00a0\u00a0\u00a0 Name und SitzUnter dem Namen \u201eFeuerwehrverein Birmenstorf-M\u00fclligen\u201c besteht ein Verein im Sinne von Art. 60 ff. ZGB mit Sitz in 5413 Birmenstorf\u00a0\u00a02.\u00a0\u00a0\u00a0 ZweckDer Verein bezweckt die F\u00f6rderung des Feuerwehrwesens und die Pflege der Kameradschaft.\u00a0\u00a03.\u00a0\u00a0\u00a0 MittelZur Verfolgung des Vereinszweckes verf\u00fcgt der Verein \u00fcber die Beitr\u00e4ge der Mit-glieder, welche j\u00e4hrlich von der [&hellip;]<\/p>\n","protected":false},"author":1,"featured_media":36,"parent":0,"menu_order":0,"comment_status":"closed","ping_status":"closed","template":"","meta":{"footnotes":""},"class_list":["post-27","page","type-page","status-publish","has-post-thumbnail","hentry"],"blocksy_meta":[],"_links":{"self":[{"href":"https:\/\/fw-verein.ch\/index.php?rest_route=\/wp\/v2\/pages\/27","targetHints":{"allow":["GET"]}}],"collection":[{"href":"https:\/\/fw-verein.ch\/index.php?rest_route=\/wp\/v2\/pages"}],"about":[{"href":"https:\/\/fw-verein.ch\/index.php?rest_route=\/wp\/v2\/types\/page"}],"author":[{"embeddable":true,"href":"https:\/\/fw-verein.ch\/index.php?rest_route=\/wp\/v2\/users\/1"}],"replies":[{"embeddable":true,"href":"https:\/\/fw-verein.ch\/index.php?rest_route=%2Fwp%2Fv2%2Fcomments&post=27"}],"version-history":[{"count":3,"href":"https:\/\/fw-verein.ch\/index.php?rest_route=\/wp\/v2\/pages\/27\/revisions"}],"predecessor-version":[{"id":44,"href":"https:\/\/fw-verein.ch\/index.php?rest_route=\/wp\/v2\/pages\/27\/revisions\/44"}],"wp:featuredmedia":[{"embeddable":true,"href":"https:\/\/fw-verein.ch\/index.php?rest_route=\/wp\/v2\/media\/36"}],"wp:attachment":[{"href":"https:\/\/fw-verein.ch\/index.php?rest_route=%2Fwp%2Fv2%2Fmedia&parent=27"}],"curies":[{"name":"wp","href":"https:\/\/api.w.org\/{rel}","templated":true}]}}